{"id":10162,"date":"2026-01-20T21:53:42","date_gmt":"2026-01-20T21:53:42","guid":{"rendered":"https:\/\/loopefurniture.com\/?post_type=product&#038;p=10162"},"modified":"2026-02-26T13:03:47","modified_gmt":"2026-02-26T13:03:47","slug":"ec6020","status":"publish","type":"product","link":"https:\/\/loopefurniture.com\/pl\/produkt\/ec6020\/","title":{"rendered":"ECHO donica"},"content":{"rendered":"<p><strong>ECHO<\/strong> zosta\u0142o zaprojektowane z my\u015bl\u0105 o zmys\u0142ach. Wprowadza on zupe\u0142nie nowy wymiar dotyku, stanowi\u0105c owoc poszukiwa\u0144 odpowiedzi na pytanie: jak przenie\u015b\u0107 unikalno\u015b\u0107 tradycyjnego rzemios\u0142a do \u015bwiata produkcji przemys\u0142owej? Form\u0119 obiektu zainspirowa\u0142o toczenie na kole garncarskim, natomiast jego charakterystyczna tekstura to efekt r\u0119cznego rze\u017abienia. Wz\u00f3r ten zosta\u0142 nast\u0119pnie poddany cyfrowemu skanowaniu 3D i przeniesiony na finaln\u0105 bry\u0142\u0119. Dzi\u0119ki temu ka\u017cdy egzemplarz zachowuje osobisty \u015blad tw\u00f3rcy i autentyczny, rzemie\u015blniczy charakter. Echo doskonale prezentuje si\u0119 zar\u00f3wno w pojedynk\u0119, jak i w zestawach \u2013 zyskuje na sile wyrazu, gdy tworzy rozbudowane kompozycje o r\u00f3\u017cnych funkcjach. Dzi\u0119ki swojej uniwersalno\u015bci ECHO odnajduje si\u0119 w przestrzeniach prywatnych i publicznych, we wn\u0119trzach oraz na zewn\u0105trz. Elastycznie dopasowuje si\u0119 do stylu \u017cycia u\u017cytkownika. Mo\u017ce pe\u0142ni\u0107 rol\u0119 donicy, stolika kawowego i sto\u0142ka. To przedmiot, kt\u00f3ry nie narzuca przeznaczenia, lecz zaprasza do kreatywnego wsp\u00f3\u0142tworzenia przestrzeni.&nbsp;<\/p>\n<p><strong>WYMIARY<\/strong>&nbsp;<\/p>\n<p>H45 cm x &Oslash;64 cm&nbsp;<\/p>\n<p><strong>POBIERZ<\/strong><\/p>\n<ul style=\"list-style-type: none; padding-left: 0;\">\n<li style=\"display: flex; align-items: baseline;\"><a class=\"custom-link\" style=\"text-decoration: none; display: flex; align-items: baseline;\" href=\"https:\/\/loopefurniture.com\/wp-content\/uploads\/2026\/01\/Karta-produktu-EC6020.pdf\" target=\"_blank\" rel=\"noopener\"><br \/>\n<img decoding=\"async\" style=\"height: 1em; margin-right: 5px; vertical-align: middle;\" src=\"https:\/\/loopefurniture.com\/wp-content\/uploads\/2025\/07\/IkonaDownload.png\" alt=\"Pobierz\" \/><br \/>\n<span class=\"link-text\">Data Sheet<\/span><br \/>\n<\/a><\/li>\n<li style=\"display: flex; align-items: baseline;\"><a class=\"custom-link\" style=\"text-decoration: none; display: flex; align-items: baseline;\" href=\"https:\/\/loopefurniture.com\/wp-content\/uploads\/2026\/02\/ECHO-Planter-virgin-2D.zip\" rel=\"noopener\"><br \/>\n<img decoding=\"async\" style=\"height: 1em; margin-right: 5px; vertical-align: middle;\" src=\"https:\/\/loopefurniture.com\/wp-content\/uploads\/2025\/07\/IkonaDownload.png\" alt=\"Pobierz\" \/><br \/>\n<span class=\"link-text\">Renders<\/span><br \/>\n<\/a><\/li>\n<li style=\"display: flex; align-items: baseline;\"><a class=\"custom-link\" style=\"text-decoration: none; display: flex; align-items: baseline;\" href=\"https:\/\/loopefurniture.com\/wp-content\/uploads\/2026\/02\/ECHO-EC6020-DWG-2D.DWG_.zip\"><br \/>\n<img decoding=\"async\" style=\"height: 1em; margin-right: 5px; vertical-align: middle;\" src=\"https:\/\/loopefurniture.com\/wp-content\/uploads\/2025\/07\/IkonaDownload.png\" alt=\"Pobierz\" \/><br \/>\n<span class=\"link-text\">2D<\/span><br \/>\n<\/a><\/li>\n<\/ul>\n","protected":false},"excerpt":{"rendered":"<p>Ref. EC6020<\/p>\n","protected":false},"featured_media":10843,"comment_status":"open","ping_status":"closed","template":"","meta":{"_acf_changed":false},"product_brand":[],"product_cat":[151,148],"product_tag":[],"class_list":{"0":"post-10162","1":"product","2":"type-product","3":"status-publish","4":"has-post-thumbnail","6":"product_cat-donice","7":"product_cat-echo","9":"first","10":"instock","11":"taxable","12":"shipping-taxable","13":"purchasable","14":"product-type-variable"},"acf":[],"yoast_head":"<!-- This site is optimized with the Yoast SEO plugin v27.4 - https:\/\/yoast.com\/product\/yoast-seo-wordpress\/ -->\n<title>ECHO donica | Loope<\/title>\n<meta name=\"robots\" content=\"index, follow, max-snippet:-1, max-image-preview:large, max-video-preview:-1\" \/>\n<link rel=\"canonical\" href=\"https:\/\/loopefurniture.com\/pl\/produkt\/ec6020\/\" \/>\n<meta property=\"og:locale\" content=\"pl_PL\" \/>\n<meta property=\"og:type\" content=\"article\" \/>\n<meta property=\"og:title\" content=\"ECHO donica | Loope\" \/>\n<meta property=\"og:description\" content=\"Ref. EC6020\" \/>\n<meta property=\"og:url\" content=\"https:\/\/loopefurniture.com\/pl\/produkt\/ec6020\/\" \/>\n<meta property=\"og:site_name\" content=\"Loope\" \/>\n<meta property=\"article:publisher\" content=\"https:\/\/www.facebook.com\/loope.furniture\/\" \/>\n<meta property=\"article:modified_time\" content=\"2026-02-26T13:03:47+00:00\" \/>\n<meta property=\"og:image\" content=\"https:\/\/loopefurniture.com\/wp-content\/uploads\/2026\/01\/EC6020_02-donica-white-1.jpg\" \/>\n\t<meta property=\"og:image:width\" content=\"2160\" \/>\n\t<meta property=\"og:image:height\" content=\"2160\" \/>\n\t<meta property=\"og:image:type\" content=\"image\/jpeg\" \/>\n<meta name=\"twitter:card\" content=\"summary_large_image\" \/>\n<meta name=\"twitter:label1\" content=\"Szacowany czas czytania\" \/>\n\t<meta name=\"twitter:data1\" content=\"2 minuty\" \/>\n<script type=\"application\/ld+json\" class=\"yoast-schema-graph\">{\"@context\":\"https:\\\/\\\/schema.org\",\"@graph\":[{\"@type\":\"WebPage\",\"@id\":\"https:\\\/\\\/loopefurniture.com\\\/pl\\\/produkt\\\/ec6020\\\/\",\"url\":\"https:\\\/\\\/loopefurniture.com\\\/pl\\\/produkt\\\/ec6020\\\/\",\"name\":\"ECHO donica | Loope\",\"isPartOf\":{\"@id\":\"https:\\\/\\\/loopefurniture.com\\\/#website\"},\"primaryImageOfPage\":{\"@id\":\"https:\\\/\\\/loopefurniture.com\\\/pl\\\/produkt\\\/ec6020\\\/#primaryimage\"},\"image\":{\"@id\":\"https:\\\/\\\/loopefurniture.com\\\/pl\\\/produkt\\\/ec6020\\\/#primaryimage\"},\"thumbnailUrl\":\"https:\\\/\\\/loopefurniture.com\\\/wp-content\\\/uploads\\\/2026\\\/01\\\/EC6020_02-donica-white-1.jpg\",\"datePublished\":\"2026-01-20T21:53:42+00:00\",\"dateModified\":\"2026-02-26T13:03:47+00:00\",\"breadcrumb\":{\"@id\":\"https:\\\/\\\/loopefurniture.com\\\/pl\\\/produkt\\\/ec6020\\\/#breadcrumb\"},\"inLanguage\":\"pl-PL\",\"potentialAction\":[{\"@type\":\"ReadAction\",\"target\":[\"https:\\\/\\\/loopefurniture.com\\\/pl\\\/produkt\\\/ec6020\\\/\"]}]},{\"@type\":\"ImageObject\",\"inLanguage\":\"pl-PL\",\"@id\":\"https:\\\/\\\/loopefurniture.com\\\/pl\\\/produkt\\\/ec6020\\\/#primaryimage\",\"url\":\"https:\\\/\\\/loopefurniture.com\\\/wp-content\\\/uploads\\\/2026\\\/01\\\/EC6020_02-donica-white-1.jpg\",\"contentUrl\":\"https:\\\/\\\/loopefurniture.com\\\/wp-content\\\/uploads\\\/2026\\\/01\\\/EC6020_02-donica-white-1.jpg\",\"width\":2160,\"height\":2160},{\"@type\":\"BreadcrumbList\",\"@id\":\"https:\\\/\\\/loopefurniture.com\\\/pl\\\/produkt\\\/ec6020\\\/#breadcrumb\",\"itemListElement\":[{\"@type\":\"ListItem\",\"position\":1,\"name\":\"LoopeFurniture\",\"item\":\"https:\\\/\\\/loopefurniture.com\\\/\"},{\"@type\":\"ListItem\",\"position\":2,\"name\":\"Produkty\",\"item\":\"https:\\\/\\\/loopefurniture.com\\\/pl\\\/produkty\\\/\"},{\"@type\":\"ListItem\",\"position\":3,\"name\":\"ECHO donica\"}]},{\"@type\":\"WebSite\",\"@id\":\"https:\\\/\\\/loopefurniture.com\\\/#website\",\"url\":\"https:\\\/\\\/loopefurniture.com\\\/\",\"name\":\"Loope\",\"description\":\"Endless Circular Craft\",\"publisher\":{\"@id\":\"https:\\\/\\\/loopefurniture.com\\\/#organization\"},\"potentialAction\":[{\"@type\":\"SearchAction\",\"target\":{\"@type\":\"EntryPoint\",\"urlTemplate\":\"https:\\\/\\\/loopefurniture.com\\\/?s={search_term_string}\"},\"query-input\":{\"@type\":\"PropertyValueSpecification\",\"valueRequired\":true,\"valueName\":\"search_term_string\"}}],\"inLanguage\":\"pl-PL\"},{\"@type\":\"Organization\",\"@id\":\"https:\\\/\\\/loopefurniture.com\\\/#organization\",\"name\":\"Loope Furniture\",\"url\":\"https:\\\/\\\/loopefurniture.com\\\/\",\"logo\":{\"@type\":\"ImageObject\",\"inLanguage\":\"pl-PL\",\"@id\":\"https:\\\/\\\/loopefurniture.com\\\/#\\\/schema\\\/logo\\\/image\\\/\",\"url\":\"https:\\\/\\\/loopefurniture.com\\\/wp-content\\\/uploads\\\/2025\\\/11\\\/czarne-bez-sloganu-1.jpg\",\"contentUrl\":\"https:\\\/\\\/loopefurniture.com\\\/wp-content\\\/uploads\\\/2025\\\/11\\\/czarne-bez-sloganu-1.jpg\",\"width\":1080,\"height\":1080,\"caption\":\"Loope Furniture\"},\"image\":{\"@id\":\"https:\\\/\\\/loopefurniture.com\\\/#\\\/schema\\\/logo\\\/image\\\/\"},\"sameAs\":[\"https:\\\/\\\/www.facebook.com\\\/loope.furniture\\\/\",\"https:\\\/\\\/www.instagram.com\\\/loope.furniture\\\/\",\"https:\\\/\\\/www.linkedin.com\\\/company\\\/loopefurniture\"]}]}<\/script>\n<!-- \/ Yoast SEO plugin. -->","yoast_head_json":{"title":"ECHO donica | Loope","robots":{"index":"index","follow":"follow","max-snippet":"max-snippet:-1","max-image-preview":"max-image-preview:large","max-video-preview":"max-video-preview:-1"},"canonical":"https:\/\/loopefurniture.com\/pl\/produkt\/ec6020\/","og_locale":"pl_PL","og_type":"article","og_title":"ECHO donica | Loope","og_description":"Ref. EC6020","og_url":"https:\/\/loopefurniture.com\/pl\/produkt\/ec6020\/","og_site_name":"Loope","article_publisher":"https:\/\/www.facebook.com\/loope.furniture\/","article_modified_time":"2026-02-26T13:03:47+00:00","og_image":[{"width":2160,"height":2160,"url":"https:\/\/loopefurniture.com\/wp-content\/uploads\/2026\/01\/EC6020_02-donica-white-1.jpg","type":"image\/jpeg"}],"twitter_card":"summary_large_image","twitter_misc":{"Szacowany czas czytania":"2 minuty"},"schema":{"@context":"https:\/\/schema.org","@graph":[{"@type":"WebPage","@id":"https:\/\/loopefurniture.com\/pl\/produkt\/ec6020\/","url":"https:\/\/loopefurniture.com\/pl\/produkt\/ec6020\/","name":"ECHO donica | Loope","isPartOf":{"@id":"https:\/\/loopefurniture.com\/#website"},"primaryImageOfPage":{"@id":"https:\/\/loopefurniture.com\/pl\/produkt\/ec6020\/#primaryimage"},"image":{"@id":"https:\/\/loopefurniture.com\/pl\/produkt\/ec6020\/#primaryimage"},"thumbnailUrl":"https:\/\/loopefurniture.com\/wp-content\/uploads\/2026\/01\/EC6020_02-donica-white-1.jpg","datePublished":"2026-01-20T21:53:42+00:00","dateModified":"2026-02-26T13:03:47+00:00","breadcrumb":{"@id":"https:\/\/loopefurniture.com\/pl\/produkt\/ec6020\/#breadcrumb"},"inLanguage":"pl-PL","potentialAction":[{"@type":"ReadAction","target":["https:\/\/loopefurniture.com\/pl\/produkt\/ec6020\/"]}]},{"@type":"ImageObject","inLanguage":"pl-PL","@id":"https:\/\/loopefurniture.com\/pl\/produkt\/ec6020\/#primaryimage","url":"https:\/\/loopefurniture.com\/wp-content\/uploads\/2026\/01\/EC6020_02-donica-white-1.jpg","contentUrl":"https:\/\/loopefurniture.com\/wp-content\/uploads\/2026\/01\/EC6020_02-donica-white-1.jpg","width":2160,"height":2160},{"@type":"BreadcrumbList","@id":"https:\/\/loopefurniture.com\/pl\/produkt\/ec6020\/#breadcrumb","itemListElement":[{"@type":"ListItem","position":1,"name":"LoopeFurniture","item":"https:\/\/loopefurniture.com\/"},{"@type":"ListItem","position":2,"name":"Produkty","item":"https:\/\/loopefurniture.com\/pl\/produkty\/"},{"@type":"ListItem","position":3,"name":"ECHO donica"}]},{"@type":"WebSite","@id":"https:\/\/loopefurniture.com\/#website","url":"https:\/\/loopefurniture.com\/","name":"Loope","description":"Endless Circular Craft","publisher":{"@id":"https:\/\/loopefurniture.com\/#organization"},"potentialAction":[{"@type":"SearchAction","target":{"@type":"EntryPoint","urlTemplate":"https:\/\/loopefurniture.com\/?s={search_term_string}"},"query-input":{"@type":"PropertyValueSpecification","valueRequired":true,"valueName":"search_term_string"}}],"inLanguage":"pl-PL"},{"@type":"Organization","@id":"https:\/\/loopefurniture.com\/#organization","name":"Loope Furniture","url":"https:\/\/loopefurniture.com\/","logo":{"@type":"ImageObject","inLanguage":"pl-PL","@id":"https:\/\/loopefurniture.com\/#\/schema\/logo\/image\/","url":"https:\/\/loopefurniture.com\/wp-content\/uploads\/2025\/11\/czarne-bez-sloganu-1.jpg","contentUrl":"https:\/\/loopefurniture.com\/wp-content\/uploads\/2025\/11\/czarne-bez-sloganu-1.jpg","width":1080,"height":1080,"caption":"Loope Furniture"},"image":{"@id":"https:\/\/loopefurniture.com\/#\/schema\/logo\/image\/"},"sameAs":["https:\/\/www.facebook.com\/loope.furniture\/","https:\/\/www.instagram.com\/loope.furniture\/","https:\/\/www.linkedin.com\/company\/loopefurniture"]}]}},"_links":{"self":[{"href":"https:\/\/loopefurniture.com\/pl\/wp-json\/wp\/v2\/product\/10162","targetHints":{"allow":["GET"]}}],"collection":[{"href":"https:\/\/loopefurniture.com\/pl\/wp-json\/wp\/v2\/product"}],"about":[{"href":"https:\/\/loopefurniture.com\/pl\/wp-json\/wp\/v2\/types\/product"}],"replies":[{"embeddable":true,"href":"https:\/\/loopefurniture.com\/pl\/wp-json\/wp\/v2\/comments?post=10162"}],"wp:featuredmedia":[{"embeddable":true,"href":"https:\/\/loopefurniture.com\/pl\/wp-json\/wp\/v2\/media\/10843"}],"wp:attachment":[{"href":"https:\/\/loopefurniture.com\/pl\/wp-json\/wp\/v2\/media?parent=10162"}],"wp:term":[{"taxonomy":"product_brand","embeddable":true,"href":"https:\/\/loopefurniture.com\/pl\/wp-json\/wp\/v2\/product_brand?post=10162"},{"taxonomy":"product_cat","embeddable":true,"href":"https:\/\/loopefurniture.com\/pl\/wp-json\/wp\/v2\/product_cat?post=10162"},{"taxonomy":"product_tag","embeddable":true,"href":"https:\/\/loopefurniture.com\/pl\/wp-json\/wp\/v2\/product_tag?post=10162"}],"curies":[{"name":"wp","href":"https:\/\/api.w.org\/{rel}","templated":true}]}}