{"id":11694,"date":"2026-04-08T11:07:07","date_gmt":"2026-04-08T11:07:07","guid":{"rendered":"https:\/\/loopefurniture.com\/?post_type=product&#038;p=11694"},"modified":"2026-04-15T06:06:03","modified_gmt":"2026-04-15T06:06:03","slug":"an9010","status":"publish","type":"product","link":"https:\/\/loopefurniture.com\/pl\/produkt\/an9010\/","title":{"rendered":"ANIMA krzes\u0142o"},"content":{"rendered":"<p class=\"p1\"><strong>ANIMA<\/strong>, oznaczaj\u0105ca po \u0142acinie \u201edusz\u0119\u201d, odzwierciedla ide\u0119 r\u00f3wnowagi mi\u0119dzy si\u0142\u0105 konstrukcji a organiczn\u0105 lekko\u015bci\u0105 formy. Ta rze\u017abiarska kolekcja mebli jadalnianych, obejmuj\u0105ca krzes\u0142a i st\u00f3\u0142, czerpie inspiracj\u0119 z biomorficznej elegancji oraz harmonii natury. Projekt odchodzi od tradycyjnych, pionowych n\u00f3g, zast\u0119puj\u0105c je centralnie osadzon\u0105, czteroramienn\u0105 podstaw\u0105, kt\u00f3ra sprawia wra\u017cenie, jakby wyrasta\u0142a z jednego punktu niczym rozkwitaj\u0105ca forma. Krzes\u0142a o charakterystycznej, zw\u0119\u017canej sylwetce oraz st\u00f3\u0142 o rozga\u0142\u0119zionej strukturze doskonale oddaj\u0105 filozofi\u0119 sensualnego minimalizmu \u2013 gdzie ka\u017cda linia \u0142\u0105czy estetyk\u0119 z funkcjonalno\u015bci\u0105. Oparcie krzes\u0142a, inspirowane kszta\u0142tem p\u0142atk\u00f3w, oraz smuk\u0142e, \u0142ukowate nogi zapewniaj\u0105 ergonomiczny komfort przy zachowaniu wizualnej lekko\u015bci. St\u00f3\u0142 wyr\u00f3\u017cnia si\u0119 eleganckim blatem wykonanym z HPL, osadzonym na wyrazistej, czteroramiennej podstawie w kszta\u0142cie gwiazdy. Jego geometryczna forma podkre\u015bla sp\u00f3jny charakter kolekcji, \u0142\u0105cz\u0105c organiczny ruch z konstrukcyjn\u0105 precyzj\u0105.<\/p>\n<p class=\"p1\"><strong>WYMIARY<\/strong><\/p>\n<p class=\"p1\">W49 x D65 x H95 (cm)<\/p>\n<p class=\"p1\"><strong>POBIERZ<\/strong><\/p>\n<ul style=\"list-style-type: none; padding-left: 0;\">\n<li style=\"display: flex; align-items: baseline;\"><a class=\"custom-link\" style=\"text-decoration: none; display: flex; align-items: baseline;\" href=\"https:\/\/loopefurniture.com\/wp-content\/uploads\/2026\/04\/AN9010.pdf\" target=\"_blank\" rel=\"noopener\"><br \/>\n<img decoding=\"async\" style=\"height: 1em; margin-right: 5px; vertical-align: middle;\" src=\"https:\/\/loopefurniture.com\/wp-content\/uploads\/2025\/07\/IkonaDownload.png\" alt=\"Pobierz\" \/><br \/>\n<span class=\"link-text\">Karta produktu<\/span><br \/>\n<\/a><\/li>\n<li style=\"display: flex; align-items: baseline;\"><a class=\"custom-link\" style=\"text-decoration: none; display: flex; align-items: baseline;\" href=\"https:\/\/loopefurniture.com\/wp-content\/uploads\/2026\/04\/AN9010_RENDERS.zip\" rel=\"noopener\"><br \/>\n<img decoding=\"async\" style=\"height: 1em; margin-right: 5px; vertical-align: middle;\" src=\"https:\/\/loopefurniture.com\/wp-content\/uploads\/2025\/07\/IkonaDownload.png\" alt=\"Pobierz\" \/><br \/>\n<span class=\"link-text\">Rendery<\/span><br \/>\n<\/a><\/li>\n<li style=\"display: flex; align-items: baseline;\"><a class=\"custom-link\" style=\"text-decoration: none; display: flex; align-items: baseline;\"><br \/>\n<img decoding=\"async\" style=\"height: 1em; margin-right: 5px; vertical-align: middle;\" src=\"https:\/\/loopefurniture.com\/wp-content\/uploads\/2025\/07\/IkonaDownload.png\" alt=\"Pobierz\" \/><br \/>\n<span class=\"link-text\">2D<\/span><\/a><\/li>\n<\/ul>\n","protected":false},"excerpt":{"rendered":"<p data-a4dfb2f6-e5d4-445f-a199-d9a007f046bb-262=\"true\">Ref. AN9010<\/p>\n","protected":false},"featured_media":11716,"comment_status":"open","ping_status":"closed","template":"","meta":{"_acf_changed":false},"product_brand":[],"product_cat":[88,166],"product_tag":[],"class_list":{"0":"post-11694","1":"product","2":"type-product","3":"status-publish","4":"has-post-thumbnail","6":"product_cat-krzesla","7":"product_cat-anima","9":"first","10":"instock","11":"taxable","12":"shipping-taxable","13":"purchasable","14":"product-type-variable"},"acf":[],"yoast_head":"<!-- This site is optimized with the Yoast SEO plugin v27.4 - https:\/\/yoast.com\/product\/yoast-seo-wordpress\/ -->\n<title>ANIMA krzes\u0142o | Loope<\/title>\n<meta name=\"robots\" content=\"index, follow, max-snippet:-1, max-image-preview:large, max-video-preview:-1\" \/>\n<link rel=\"canonical\" href=\"https:\/\/loopefurniture.com\/pl\/produkt\/an9010\/\" \/>\n<meta property=\"og:locale\" content=\"pl_PL\" \/>\n<meta property=\"og:type\" content=\"article\" \/>\n<meta property=\"og:title\" content=\"ANIMA krzes\u0142o | Loope\" \/>\n<meta property=\"og:description\" content=\"Ref. AN9010\" \/>\n<meta property=\"og:url\" content=\"https:\/\/loopefurniture.com\/pl\/produkt\/an9010\/\" \/>\n<meta property=\"og:site_name\" content=\"Loope\" \/>\n<meta property=\"article:publisher\" content=\"https:\/\/www.facebook.com\/loope.furniture\/\" \/>\n<meta property=\"article:modified_time\" content=\"2026-04-15T06:06:03+00:00\" \/>\n<meta property=\"og:image\" content=\"https:\/\/loopefurniture.com\/wp-content\/uploads\/2026\/04\/AN9010_1002.jpg\" \/>\n\t<meta property=\"og:image:width\" content=\"2158\" \/>\n\t<meta property=\"og:image:height\" content=\"2158\" \/>\n\t<meta property=\"og:image:type\" content=\"image\/jpeg\" \/>\n<meta name=\"twitter:card\" content=\"summary_large_image\" \/>\n<meta name=\"twitter:label1\" content=\"Szacowany czas czytania\" \/>\n\t<meta name=\"twitter:data1\" content=\"2 minuty\" \/>\n<script type=\"application\/ld+json\" class=\"yoast-schema-graph\">{\"@context\":\"https:\\\/\\\/schema.org\",\"@graph\":[{\"@type\":\"WebPage\",\"@id\":\"https:\\\/\\\/loopefurniture.com\\\/pl\\\/produkt\\\/an9010\\\/\",\"url\":\"https:\\\/\\\/loopefurniture.com\\\/pl\\\/produkt\\\/an9010\\\/\",\"name\":\"ANIMA krzes\u0142o | Loope\",\"isPartOf\":{\"@id\":\"https:\\\/\\\/loopefurniture.com\\\/#website\"},\"primaryImageOfPage\":{\"@id\":\"https:\\\/\\\/loopefurniture.com\\\/pl\\\/produkt\\\/an9010\\\/#primaryimage\"},\"image\":{\"@id\":\"https:\\\/\\\/loopefurniture.com\\\/pl\\\/produkt\\\/an9010\\\/#primaryimage\"},\"thumbnailUrl\":\"https:\\\/\\\/loopefurniture.com\\\/wp-content\\\/uploads\\\/2026\\\/04\\\/AN9010_1002.jpg\",\"datePublished\":\"2026-04-08T11:07:07+00:00\",\"dateModified\":\"2026-04-15T06:06:03+00:00\",\"breadcrumb\":{\"@id\":\"https:\\\/\\\/loopefurniture.com\\\/pl\\\/produkt\\\/an9010\\\/#breadcrumb\"},\"inLanguage\":\"pl-PL\",\"potentialAction\":[{\"@type\":\"ReadAction\",\"target\":[\"https:\\\/\\\/loopefurniture.com\\\/pl\\\/produkt\\\/an9010\\\/\"]}]},{\"@type\":\"ImageObject\",\"inLanguage\":\"pl-PL\",\"@id\":\"https:\\\/\\\/loopefurniture.com\\\/pl\\\/produkt\\\/an9010\\\/#primaryimage\",\"url\":\"https:\\\/\\\/loopefurniture.com\\\/wp-content\\\/uploads\\\/2026\\\/04\\\/AN9010_1002.jpg\",\"contentUrl\":\"https:\\\/\\\/loopefurniture.com\\\/wp-content\\\/uploads\\\/2026\\\/04\\\/AN9010_1002.jpg\",\"width\":2158,\"height\":2158},{\"@type\":\"BreadcrumbList\",\"@id\":\"https:\\\/\\\/loopefurniture.com\\\/pl\\\/produkt\\\/an9010\\\/#breadcrumb\",\"itemListElement\":[{\"@type\":\"ListItem\",\"position\":1,\"name\":\"LoopeFurniture\",\"item\":\"https:\\\/\\\/loopefurniture.com\\\/\"},{\"@type\":\"ListItem\",\"position\":2,\"name\":\"Produkty\",\"item\":\"https:\\\/\\\/loopefurniture.com\\\/pl\\\/produkty\\\/\"},{\"@type\":\"ListItem\",\"position\":3,\"name\":\"ANIMA krzes\u0142o\"}]},{\"@type\":\"WebSite\",\"@id\":\"https:\\\/\\\/loopefurniture.com\\\/#website\",\"url\":\"https:\\\/\\\/loopefurniture.com\\\/\",\"name\":\"Loope\",\"description\":\"Endless Circular Craft\",\"publisher\":{\"@id\":\"https:\\\/\\\/loopefurniture.com\\\/#organization\"},\"potentialAction\":[{\"@type\":\"SearchAction\",\"target\":{\"@type\":\"EntryPoint\",\"urlTemplate\":\"https:\\\/\\\/loopefurniture.com\\\/?s={search_term_string}\"},\"query-input\":{\"@type\":\"PropertyValueSpecification\",\"valueRequired\":true,\"valueName\":\"search_term_string\"}}],\"inLanguage\":\"pl-PL\"},{\"@type\":\"Organization\",\"@id\":\"https:\\\/\\\/loopefurniture.com\\\/#organization\",\"name\":\"Loope Furniture\",\"url\":\"https:\\\/\\\/loopefurniture.com\\\/\",\"logo\":{\"@type\":\"ImageObject\",\"inLanguage\":\"pl-PL\",\"@id\":\"https:\\\/\\\/loopefurniture.com\\\/#\\\/schema\\\/logo\\\/image\\\/\",\"url\":\"https:\\\/\\\/loopefurniture.com\\\/wp-content\\\/uploads\\\/2025\\\/11\\\/czarne-bez-sloganu-1.jpg\",\"contentUrl\":\"https:\\\/\\\/loopefurniture.com\\\/wp-content\\\/uploads\\\/2025\\\/11\\\/czarne-bez-sloganu-1.jpg\",\"width\":1080,\"height\":1080,\"caption\":\"Loope Furniture\"},\"image\":{\"@id\":\"https:\\\/\\\/loopefurniture.com\\\/#\\\/schema\\\/logo\\\/image\\\/\"},\"sameAs\":[\"https:\\\/\\\/www.facebook.com\\\/loope.furniture\\\/\",\"https:\\\/\\\/www.instagram.com\\\/loope.furniture\\\/\",\"https:\\\/\\\/www.linkedin.com\\\/company\\\/loopefurniture\"]}]}<\/script>\n<!-- \/ Yoast SEO plugin. -->","yoast_head_json":{"title":"ANIMA krzes\u0142o | Loope","robots":{"index":"index","follow":"follow","max-snippet":"max-snippet:-1","max-image-preview":"max-image-preview:large","max-video-preview":"max-video-preview:-1"},"canonical":"https:\/\/loopefurniture.com\/pl\/produkt\/an9010\/","og_locale":"pl_PL","og_type":"article","og_title":"ANIMA krzes\u0142o | Loope","og_description":"Ref. AN9010","og_url":"https:\/\/loopefurniture.com\/pl\/produkt\/an9010\/","og_site_name":"Loope","article_publisher":"https:\/\/www.facebook.com\/loope.furniture\/","article_modified_time":"2026-04-15T06:06:03+00:00","og_image":[{"width":2158,"height":2158,"url":"https:\/\/loopefurniture.com\/wp-content\/uploads\/2026\/04\/AN9010_1002.jpg","type":"image\/jpeg"}],"twitter_card":"summary_large_image","twitter_misc":{"Szacowany czas czytania":"2 minuty"},"schema":{"@context":"https:\/\/schema.org","@graph":[{"@type":"WebPage","@id":"https:\/\/loopefurniture.com\/pl\/produkt\/an9010\/","url":"https:\/\/loopefurniture.com\/pl\/produkt\/an9010\/","name":"ANIMA krzes\u0142o | Loope","isPartOf":{"@id":"https:\/\/loopefurniture.com\/#website"},"primaryImageOfPage":{"@id":"https:\/\/loopefurniture.com\/pl\/produkt\/an9010\/#primaryimage"},"image":{"@id":"https:\/\/loopefurniture.com\/pl\/produkt\/an9010\/#primaryimage"},"thumbnailUrl":"https:\/\/loopefurniture.com\/wp-content\/uploads\/2026\/04\/AN9010_1002.jpg","datePublished":"2026-04-08T11:07:07+00:00","dateModified":"2026-04-15T06:06:03+00:00","breadcrumb":{"@id":"https:\/\/loopefurniture.com\/pl\/produkt\/an9010\/#breadcrumb"},"inLanguage":"pl-PL","potentialAction":[{"@type":"ReadAction","target":["https:\/\/loopefurniture.com\/pl\/produkt\/an9010\/"]}]},{"@type":"ImageObject","inLanguage":"pl-PL","@id":"https:\/\/loopefurniture.com\/pl\/produkt\/an9010\/#primaryimage","url":"https:\/\/loopefurniture.com\/wp-content\/uploads\/2026\/04\/AN9010_1002.jpg","contentUrl":"https:\/\/loopefurniture.com\/wp-content\/uploads\/2026\/04\/AN9010_1002.jpg","width":2158,"height":2158},{"@type":"BreadcrumbList","@id":"https:\/\/loopefurniture.com\/pl\/produkt\/an9010\/#breadcrumb","itemListElement":[{"@type":"ListItem","position":1,"name":"LoopeFurniture","item":"https:\/\/loopefurniture.com\/"},{"@type":"ListItem","position":2,"name":"Produkty","item":"https:\/\/loopefurniture.com\/pl\/produkty\/"},{"@type":"ListItem","position":3,"name":"ANIMA krzes\u0142o"}]},{"@type":"WebSite","@id":"https:\/\/loopefurniture.com\/#website","url":"https:\/\/loopefurniture.com\/","name":"Loope","description":"Endless Circular Craft","publisher":{"@id":"https:\/\/loopefurniture.com\/#organization"},"potentialAction":[{"@type":"SearchAction","target":{"@type":"EntryPoint","urlTemplate":"https:\/\/loopefurniture.com\/?s={search_term_string}"},"query-input":{"@type":"PropertyValueSpecification","valueRequired":true,"valueName":"search_term_string"}}],"inLanguage":"pl-PL"},{"@type":"Organization","@id":"https:\/\/loopefurniture.com\/#organization","name":"Loope Furniture","url":"https:\/\/loopefurniture.com\/","logo":{"@type":"ImageObject","inLanguage":"pl-PL","@id":"https:\/\/loopefurniture.com\/#\/schema\/logo\/image\/","url":"https:\/\/loopefurniture.com\/wp-content\/uploads\/2025\/11\/czarne-bez-sloganu-1.jpg","contentUrl":"https:\/\/loopefurniture.com\/wp-content\/uploads\/2025\/11\/czarne-bez-sloganu-1.jpg","width":1080,"height":1080,"caption":"Loope Furniture"},"image":{"@id":"https:\/\/loopefurniture.com\/#\/schema\/logo\/image\/"},"sameAs":["https:\/\/www.facebook.com\/loope.furniture\/","https:\/\/www.instagram.com\/loope.furniture\/","https:\/\/www.linkedin.com\/company\/loopefurniture"]}]}},"_links":{"self":[{"href":"https:\/\/loopefurniture.com\/pl\/wp-json\/wp\/v2\/product\/11694","targetHints":{"allow":["GET"]}}],"collection":[{"href":"https:\/\/loopefurniture.com\/pl\/wp-json\/wp\/v2\/product"}],"about":[{"href":"https:\/\/loopefurniture.com\/pl\/wp-json\/wp\/v2\/types\/product"}],"replies":[{"embeddable":true,"href":"https:\/\/loopefurniture.com\/pl\/wp-json\/wp\/v2\/comments?post=11694"}],"wp:featuredmedia":[{"embeddable":true,"href":"https:\/\/loopefurniture.com\/pl\/wp-json\/wp\/v2\/media\/11716"}],"wp:attachment":[{"href":"https:\/\/loopefurniture.com\/pl\/wp-json\/wp\/v2\/media?parent=11694"}],"wp:term":[{"taxonomy":"product_brand","embeddable":true,"href":"https:\/\/loopefurniture.com\/pl\/wp-json\/wp\/v2\/product_brand?post=11694"},{"taxonomy":"product_cat","embeddable":true,"href":"https:\/\/loopefurniture.com\/pl\/wp-json\/wp\/v2\/product_cat?post=11694"},{"taxonomy":"product_tag","embeddable":true,"href":"https:\/\/loopefurniture.com\/pl\/wp-json\/wp\/v2\/product_tag?post=11694"}],"curies":[{"name":"wp","href":"https:\/\/api.w.org\/{rel}","templated":true}]}}