{"id":11877,"date":"2026-04-09T09:10:43","date_gmt":"2026-04-09T09:10:43","guid":{"rendered":"https:\/\/loopefurniture.com\/?post_type=product&#038;p=11877"},"modified":"2026-04-14T12:56:16","modified_gmt":"2026-04-14T12:56:16","slug":"sw9030","status":"publish","type":"product","link":"https:\/\/loopefurniture.com\/pl\/produkt\/sw9030\/","title":{"rendered":"SWAY le\u017cak"},"content":{"rendered":"<p class=\"p1\"><strong>SWAY<\/strong> redefiniuje poj\u0119cie wypoczynku na \u015bwie\u017cym powietrzu, \u0142\u0105cz\u0105c funkcjonalno\u015b\u0107 z rze\u017abiarsk\u0105 form\u0105 charakterystyczn\u0105 dla filozofii sensualnego minimalizmu. Ten wyj\u0105tkowy le\u017cak to nie tylko mebel, ale r\u00f3wnie\u017c nowoczesna forma artystyczna. Inspiracj\u0105 dla projektu by\u0142 rytm \u015br\u00f3dziemnomorskich fal, dzi\u0119ki czemu bry\u0142a le\u017caka stanowi naturalne przed\u0142u\u017cenie ludzkiego cia\u0142a. P\u0142ynna, organiczna linia zapewnia harmonijne dopasowanie oraz wyj\u0105tkowy komfort u\u017cytkowania. SWAY zosta\u0142 wykonany w autorskiej technologii rotocyclingu LOOPE, kt\u00f3ra pozwala uzyska\u0107 jednolit\u0105, p\u0142ynn\u0105 form\u0119 bez widocznych \u0142\u0105cze\u0144. Ergonomiczna konstrukcja w kszta\u0142cie S wspiera odcinek l\u0119d\u017awiowy i zapewnia wyj\u0105tkowo komfortowe, naturalne odchylenie podczas siedzenia. Zaprojektowany z my\u015bl\u0105 o tarasach i przestrzeniach przy basenie, SWAY jest w 100% recyklingowalny oraz odporny na dzia\u0142anie soli, chloru i promieniowania UV. Specjalna powierzchnia samoodprowadzaj\u0105ca wod\u0119 sprawia, \u017ce le\u017cak szybko schnie po kontakcie z wod\u0105 lub letnim deszczem. SWAY o zaproszenie do nowego sposobu relaksu \u2013 zamiast siedzie\u0107, pozw\u00f3l sobie p\u0142yn\u0105\u0107 i zamie\u0144 ka\u017cd\u0105 s\u0142oneczn\u0105 chwil\u0119 w wyj\u0105tkowy moment wytchnienia.<\/p>\n<p class=\"p1\"><strong>WYMIARY<\/strong><\/p>\n<p class=\"p1\">W185 x D67 x H72 (cm)<\/p>\n<p class=\"p1\"><strong>POBIERZ<\/strong><\/p>\n<ul style=\"list-style-type: none; padding-left: 0;\">\n<li style=\"display: flex; align-items: baseline;\"><a class=\"custom-link\" style=\"text-decoration: none; display: flex; align-items: baseline;\" href=\"https:\/\/loopefurniture.com\/wp-content\/uploads\/2026\/04\/SW9030-2.pdf\" target=\"_blank\" rel=\"noopener\"><br \/>\n<img decoding=\"async\" style=\"height: 1em; margin-right: 5px; vertical-align: middle;\" src=\"https:\/\/loopefurniture.com\/wp-content\/uploads\/2025\/07\/IkonaDownload.png\" alt=\"Pobierz\" \/><br \/>\n<span class=\"link-text\">Karta produktu<\/span><br \/>\n<\/a><\/li>\n<li style=\"display: flex; align-items: baseline;\"><a class=\"custom-link\" style=\"text-decoration: none; display: flex; align-items: baseline;\" href=\"https:\/\/loopefurniture.com\/wp-content\/uploads\/2026\/04\/swaykoloryrendery.zip\" rel=\"noopener\"><br \/>\n<img decoding=\"async\" style=\"height: 1em; margin-right: 5px; vertical-align: middle;\" src=\"https:\/\/loopefurniture.com\/wp-content\/uploads\/2025\/07\/IkonaDownload.png\" alt=\"Pobierz\" \/><br \/>\n<span class=\"link-text\">Rendery<\/span><br \/>\n<\/a><\/li>\n<li style=\"display: flex; align-items: baseline;\"><a class=\"custom-link\" style=\"text-decoration: none; display: flex; align-items: baseline;\"><br \/>\n<img decoding=\"async\" style=\"height: 1em; margin-right: 5px; vertical-align: middle;\" src=\"https:\/\/loopefurniture.com\/wp-content\/uploads\/2025\/07\/IkonaDownload.png\" alt=\"Pobierz\" \/><br \/>\n<span class=\"link-text\">2D<\/span><\/a><\/li>\n<\/ul>\n<p class=\"p1\">\n","protected":false},"excerpt":{"rendered":"<p data-7daf8843-1a07-4288-8ee5-25dbaa960469-466=\"true\">Ref. SW9030<\/p>\n","protected":false},"featured_media":12596,"comment_status":"open","ping_status":"closed","template":"","meta":{"_acf_changed":false},"product_brand":[],"product_cat":[201,168],"product_tag":[],"class_list":{"0":"post-11877","1":"product","2":"type-product","3":"status-publish","4":"has-post-thumbnail","6":"product_cat-lezaki","7":"product_cat-sway","9":"first","10":"instock","11":"taxable","12":"shipping-taxable","13":"purchasable","14":"product-type-variable"},"acf":[],"yoast_head":"<!-- This site is optimized with the Yoast SEO plugin v27.4 - https:\/\/yoast.com\/product\/yoast-seo-wordpress\/ -->\n<title>SWAY le\u017cak | Loope<\/title>\n<meta name=\"robots\" content=\"index, follow, max-snippet:-1, max-image-preview:large, max-video-preview:-1\" \/>\n<link rel=\"canonical\" href=\"https:\/\/loopefurniture.com\/pl\/produkt\/sw9030\/\" \/>\n<meta property=\"og:locale\" content=\"pl_PL\" \/>\n<meta property=\"og:type\" content=\"article\" \/>\n<meta property=\"og:title\" content=\"SWAY le\u017cak | Loope\" \/>\n<meta property=\"og:description\" content=\"Ref. SW9030\" \/>\n<meta property=\"og:url\" content=\"https:\/\/loopefurniture.com\/pl\/produkt\/sw9030\/\" \/>\n<meta property=\"og:site_name\" content=\"Loope\" \/>\n<meta property=\"article:publisher\" content=\"https:\/\/www.facebook.com\/loope.furniture\/\" \/>\n<meta property=\"article:modified_time\" content=\"2026-04-14T12:56:16+00:00\" \/>\n<meta property=\"og:image\" content=\"https:\/\/loopefurniture.com\/wp-content\/uploads\/2026\/04\/SW9030_6027.jpg\" \/>\n\t<meta property=\"og:image:width\" content=\"2158\" \/>\n\t<meta property=\"og:image:height\" content=\"2158\" \/>\n\t<meta property=\"og:image:type\" content=\"image\/jpeg\" \/>\n<meta name=\"twitter:card\" content=\"summary_large_image\" \/>\n<meta name=\"twitter:label1\" content=\"Szacowany czas czytania\" \/>\n\t<meta name=\"twitter:data1\" content=\"2 minuty\" \/>\n<script type=\"application\/ld+json\" class=\"yoast-schema-graph\">{\"@context\":\"https:\\\/\\\/schema.org\",\"@graph\":[{\"@type\":\"WebPage\",\"@id\":\"https:\\\/\\\/loopefurniture.com\\\/pl\\\/produkt\\\/sw9030\\\/\",\"url\":\"https:\\\/\\\/loopefurniture.com\\\/pl\\\/produkt\\\/sw9030\\\/\",\"name\":\"SWAY le\u017cak | Loope\",\"isPartOf\":{\"@id\":\"https:\\\/\\\/loopefurniture.com\\\/#website\"},\"primaryImageOfPage\":{\"@id\":\"https:\\\/\\\/loopefurniture.com\\\/pl\\\/produkt\\\/sw9030\\\/#primaryimage\"},\"image\":{\"@id\":\"https:\\\/\\\/loopefurniture.com\\\/pl\\\/produkt\\\/sw9030\\\/#primaryimage\"},\"thumbnailUrl\":\"https:\\\/\\\/loopefurniture.com\\\/wp-content\\\/uploads\\\/2026\\\/04\\\/lezak6027kwadrat.jpg\",\"datePublished\":\"2026-04-09T09:10:43+00:00\",\"dateModified\":\"2026-04-14T12:56:16+00:00\",\"breadcrumb\":{\"@id\":\"https:\\\/\\\/loopefurniture.com\\\/pl\\\/produkt\\\/sw9030\\\/#breadcrumb\"},\"inLanguage\":\"pl-PL\",\"potentialAction\":[{\"@type\":\"ReadAction\",\"target\":[\"https:\\\/\\\/loopefurniture.com\\\/pl\\\/produkt\\\/sw9030\\\/\"]}]},{\"@type\":\"ImageObject\",\"inLanguage\":\"pl-PL\",\"@id\":\"https:\\\/\\\/loopefurniture.com\\\/pl\\\/produkt\\\/sw9030\\\/#primaryimage\",\"url\":\"https:\\\/\\\/loopefurniture.com\\\/wp-content\\\/uploads\\\/2026\\\/04\\\/lezak6027kwadrat.jpg\",\"contentUrl\":\"https:\\\/\\\/loopefurniture.com\\\/wp-content\\\/uploads\\\/2026\\\/04\\\/lezak6027kwadrat.jpg\",\"width\":2160,\"height\":2160},{\"@type\":\"BreadcrumbList\",\"@id\":\"https:\\\/\\\/loopefurniture.com\\\/pl\\\/produkt\\\/sw9030\\\/#breadcrumb\",\"itemListElement\":[{\"@type\":\"ListItem\",\"position\":1,\"name\":\"LoopeFurniture\",\"item\":\"https:\\\/\\\/loopefurniture.com\\\/\"},{\"@type\":\"ListItem\",\"position\":2,\"name\":\"Produkty\",\"item\":\"https:\\\/\\\/loopefurniture.com\\\/pl\\\/produkty\\\/\"},{\"@type\":\"ListItem\",\"position\":3,\"name\":\"SWAY le\u017cak\"}]},{\"@type\":\"WebSite\",\"@id\":\"https:\\\/\\\/loopefurniture.com\\\/#website\",\"url\":\"https:\\\/\\\/loopefurniture.com\\\/\",\"name\":\"Loope\",\"description\":\"Endless Circular Craft\",\"publisher\":{\"@id\":\"https:\\\/\\\/loopefurniture.com\\\/#organization\"},\"potentialAction\":[{\"@type\":\"SearchAction\",\"target\":{\"@type\":\"EntryPoint\",\"urlTemplate\":\"https:\\\/\\\/loopefurniture.com\\\/?s={search_term_string}\"},\"query-input\":{\"@type\":\"PropertyValueSpecification\",\"valueRequired\":true,\"valueName\":\"search_term_string\"}}],\"inLanguage\":\"pl-PL\"},{\"@type\":\"Organization\",\"@id\":\"https:\\\/\\\/loopefurniture.com\\\/#organization\",\"name\":\"Loope Furniture\",\"url\":\"https:\\\/\\\/loopefurniture.com\\\/\",\"logo\":{\"@type\":\"ImageObject\",\"inLanguage\":\"pl-PL\",\"@id\":\"https:\\\/\\\/loopefurniture.com\\\/#\\\/schema\\\/logo\\\/image\\\/\",\"url\":\"https:\\\/\\\/loopefurniture.com\\\/wp-content\\\/uploads\\\/2025\\\/11\\\/czarne-bez-sloganu-1.jpg\",\"contentUrl\":\"https:\\\/\\\/loopefurniture.com\\\/wp-content\\\/uploads\\\/2025\\\/11\\\/czarne-bez-sloganu-1.jpg\",\"width\":1080,\"height\":1080,\"caption\":\"Loope Furniture\"},\"image\":{\"@id\":\"https:\\\/\\\/loopefurniture.com\\\/#\\\/schema\\\/logo\\\/image\\\/\"},\"sameAs\":[\"https:\\\/\\\/www.facebook.com\\\/loope.furniture\\\/\",\"https:\\\/\\\/www.instagram.com\\\/loope.furniture\\\/\",\"https:\\\/\\\/www.linkedin.com\\\/company\\\/loopefurniture\"]}]}<\/script>\n<!-- \/ Yoast SEO plugin. -->","yoast_head_json":{"title":"SWAY le\u017cak | Loope","robots":{"index":"index","follow":"follow","max-snippet":"max-snippet:-1","max-image-preview":"max-image-preview:large","max-video-preview":"max-video-preview:-1"},"canonical":"https:\/\/loopefurniture.com\/pl\/produkt\/sw9030\/","og_locale":"pl_PL","og_type":"article","og_title":"SWAY le\u017cak | Loope","og_description":"Ref. SW9030","og_url":"https:\/\/loopefurniture.com\/pl\/produkt\/sw9030\/","og_site_name":"Loope","article_publisher":"https:\/\/www.facebook.com\/loope.furniture\/","article_modified_time":"2026-04-14T12:56:16+00:00","og_image":[{"width":2158,"height":2158,"url":"https:\/\/loopefurniture.com\/wp-content\/uploads\/2026\/04\/SW9030_6027.jpg","type":"image\/jpeg"}],"twitter_card":"summary_large_image","twitter_misc":{"Szacowany czas czytania":"2 minuty"},"schema":{"@context":"https:\/\/schema.org","@graph":[{"@type":"WebPage","@id":"https:\/\/loopefurniture.com\/pl\/produkt\/sw9030\/","url":"https:\/\/loopefurniture.com\/pl\/produkt\/sw9030\/","name":"SWAY le\u017cak | Loope","isPartOf":{"@id":"https:\/\/loopefurniture.com\/#website"},"primaryImageOfPage":{"@id":"https:\/\/loopefurniture.com\/pl\/produkt\/sw9030\/#primaryimage"},"image":{"@id":"https:\/\/loopefurniture.com\/pl\/produkt\/sw9030\/#primaryimage"},"thumbnailUrl":"https:\/\/loopefurniture.com\/wp-content\/uploads\/2026\/04\/lezak6027kwadrat.jpg","datePublished":"2026-04-09T09:10:43+00:00","dateModified":"2026-04-14T12:56:16+00:00","breadcrumb":{"@id":"https:\/\/loopefurniture.com\/pl\/produkt\/sw9030\/#breadcrumb"},"inLanguage":"pl-PL","potentialAction":[{"@type":"ReadAction","target":["https:\/\/loopefurniture.com\/pl\/produkt\/sw9030\/"]}]},{"@type":"ImageObject","inLanguage":"pl-PL","@id":"https:\/\/loopefurniture.com\/pl\/produkt\/sw9030\/#primaryimage","url":"https:\/\/loopefurniture.com\/wp-content\/uploads\/2026\/04\/lezak6027kwadrat.jpg","contentUrl":"https:\/\/loopefurniture.com\/wp-content\/uploads\/2026\/04\/lezak6027kwadrat.jpg","width":2160,"height":2160},{"@type":"BreadcrumbList","@id":"https:\/\/loopefurniture.com\/pl\/produkt\/sw9030\/#breadcrumb","itemListElement":[{"@type":"ListItem","position":1,"name":"LoopeFurniture","item":"https:\/\/loopefurniture.com\/"},{"@type":"ListItem","position":2,"name":"Produkty","item":"https:\/\/loopefurniture.com\/pl\/produkty\/"},{"@type":"ListItem","position":3,"name":"SWAY le\u017cak"}]},{"@type":"WebSite","@id":"https:\/\/loopefurniture.com\/#website","url":"https:\/\/loopefurniture.com\/","name":"Loope","description":"Endless Circular Craft","publisher":{"@id":"https:\/\/loopefurniture.com\/#organization"},"potentialAction":[{"@type":"SearchAction","target":{"@type":"EntryPoint","urlTemplate":"https:\/\/loopefurniture.com\/?s={search_term_string}"},"query-input":{"@type":"PropertyValueSpecification","valueRequired":true,"valueName":"search_term_string"}}],"inLanguage":"pl-PL"},{"@type":"Organization","@id":"https:\/\/loopefurniture.com\/#organization","name":"Loope Furniture","url":"https:\/\/loopefurniture.com\/","logo":{"@type":"ImageObject","inLanguage":"pl-PL","@id":"https:\/\/loopefurniture.com\/#\/schema\/logo\/image\/","url":"https:\/\/loopefurniture.com\/wp-content\/uploads\/2025\/11\/czarne-bez-sloganu-1.jpg","contentUrl":"https:\/\/loopefurniture.com\/wp-content\/uploads\/2025\/11\/czarne-bez-sloganu-1.jpg","width":1080,"height":1080,"caption":"Loope Furniture"},"image":{"@id":"https:\/\/loopefurniture.com\/#\/schema\/logo\/image\/"},"sameAs":["https:\/\/www.facebook.com\/loope.furniture\/","https:\/\/www.instagram.com\/loope.furniture\/","https:\/\/www.linkedin.com\/company\/loopefurniture"]}]}},"_links":{"self":[{"href":"https:\/\/loopefurniture.com\/pl\/wp-json\/wp\/v2\/product\/11877","targetHints":{"allow":["GET"]}}],"collection":[{"href":"https:\/\/loopefurniture.com\/pl\/wp-json\/wp\/v2\/product"}],"about":[{"href":"https:\/\/loopefurniture.com\/pl\/wp-json\/wp\/v2\/types\/product"}],"replies":[{"embeddable":true,"href":"https:\/\/loopefurniture.com\/pl\/wp-json\/wp\/v2\/comments?post=11877"}],"wp:featuredmedia":[{"embeddable":true,"href":"https:\/\/loopefurniture.com\/pl\/wp-json\/wp\/v2\/media\/12596"}],"wp:attachment":[{"href":"https:\/\/loopefurniture.com\/pl\/wp-json\/wp\/v2\/media?parent=11877"}],"wp:term":[{"taxonomy":"product_brand","embeddable":true,"href":"https:\/\/loopefurniture.com\/pl\/wp-json\/wp\/v2\/product_brand?post=11877"},{"taxonomy":"product_cat","embeddable":true,"href":"https:\/\/loopefurniture.com\/pl\/wp-json\/wp\/v2\/product_cat?post=11877"},{"taxonomy":"product_tag","embeddable":true,"href":"https:\/\/loopefurniture.com\/pl\/wp-json\/wp\/v2\/product_tag?post=11877"}],"curies":[{"name":"wp","href":"https:\/\/api.w.org\/{rel}","templated":true}]}}