{"id":6075,"date":"2025-04-04T11:29:47","date_gmt":"2025-04-04T11:29:47","guid":{"rendered":"https:\/\/loopefurniture.com\/product\/al4031\/"},"modified":"2026-02-26T12:58:00","modified_gmt":"2026-02-26T12:58:00","slug":"al4031","status":"publish","type":"product","link":"https:\/\/loopefurniture.com\/pl\/produkt\/al4031\/","title":{"rendered":"ALLin krzes\u0142o"},"content":{"rendered":"<p class=\"p1\"><strong>ALLin<\/strong> to system krzese\u0142 oparty na zaawansowanym rozwi\u0105zaniu siedziska. Oferuje r\u00f3\u017cnorodne stela\u017ce, w tym opcje metalowe, drewniane i aluminiowe. Dzi\u0119ki uniwersalnemu systemowi monta\u017cu zintegrowanemu pod siedziskiem, ALLIn ma nieograniczone mo\u017cliwo\u015bci. Mo\u017ce wyst\u0119powa\u0107 w wersji z drewnianymi nogami, sztaplowanymi lub barowymi stela\u017cami, a nawet jako krzes\u0142a stadionowe. Nadaj\u0105 si\u0119 zar\u00f3wno do u\u017cytku wewn\u0119trznego, jak i zewn\u0119trznego, a wygodne uchwyty pe\u0142ni\u0105 dodatkowo funkcj\u0119 odprowadzania wody, istotn\u0105 w przypadku zastosowania w otwartej przestrzeni. System ALLIn zosta\u0142 zaprojektowany z trosk\u0105 o wytrzyma\u0142o\u015b\u0107 i \u0142atw\u0105 konserwacj\u0119.<\/p>\n<\/p>\n<p><strong>WYMIARY<\/strong><br \/>\n<br \/>W54 x D52 x H75 (cm)<\/p>\n<p><strong>POBIERZ<\/strong><\/p>\n<ul style=\"list-style-type: none; padding-left: 0;\">\n<li style=\"display: flex; align-items: baseline;\"><a class=\"custom-link\" style=\"text-decoration: none; display: flex; align-items: baseline;\" href=\"https:\/\/loopefurniture.com\/wp-content\/uploads\/2025\/10\/AL4031.pdf\" target=\"_blank\" rel=\"noopener\"><br \/>\n<img decoding=\"async\" style=\"height: 1em; margin-right: 5px; vertical-align: middle;\" src=\"https:\/\/loopefurniture.com\/wp-content\/uploads\/2025\/07\/IkonaDownload.png\" alt=\"Pobierz\" \/><br \/>\n<span class=\"link-text\">Karta produktu<\/span><br \/>\n<\/a><\/li>\n<li style=\"display: flex; align-items: baseline;\"><a class=\"custom-link\" style=\"text-decoration: none; display: flex; align-items: baseline;\" href=\"https:\/\/loopefurniture.com\/wp-content\/uploads\/2025\/06\/AL4031_RENDERS_.zip\" rel=\"noopener\"><br \/>\n<img decoding=\"async\" style=\"height: 1em; margin-right: 5px; vertical-align: middle;\" src=\"https:\/\/loopefurniture.com\/wp-content\/uploads\/2025\/07\/IkonaDownload.png\" alt=\"Pobierz\" \/><br \/>\n<span class=\"link-text\">Rendery<\/span><br \/>\n<\/a><\/li>\n<li style=\"display: flex; align-items: baseline;\"><a class=\"custom-link\" style=\"text-decoration: none; display: flex; align-items: baseline;\" href=\"https:\/\/loopefurniture.com\/wp-content\/uploads\/2025\/05\/AL4031.DWG_.zip\"><br \/>\n<img decoding=\"async\" style=\"height: 1em; margin-right: 5px; vertical-align: middle;\" src=\"https:\/\/loopefurniture.com\/wp-content\/uploads\/2025\/07\/IkonaDownload.png\" alt=\"Pobierz\" \/><br \/>\n<span class=\"link-text\">2D<\/span><\/a><\/li>\n<\/ul>\n<p class=\"p1\">\n","protected":false},"excerpt":{"rendered":"<p data-7daf8843-1a07-4288-8ee5-25dbaa960469-466=\"true\">Ref. AL4031<\/p>\n","protected":false},"featured_media":4391,"comment_status":"open","ping_status":"closed","template":"","meta":{"_acf_changed":false},"product_brand":[],"product_cat":[88,93],"product_tag":[],"class_list":{"0":"post-6075","1":"product","2":"type-product","3":"status-publish","4":"has-post-thumbnail","6":"product_cat-krzesla","7":"product_cat-allin","9":"first","10":"instock","11":"taxable","12":"shipping-taxable","13":"purchasable","14":"product-type-variable"},"acf":[],"yoast_head":"<!-- This site is optimized with the Yoast SEO plugin v27.4 - https:\/\/yoast.com\/product\/yoast-seo-wordpress\/ -->\n<title>ALLin krzes\u0142o | Loope<\/title>\n<meta name=\"robots\" content=\"index, follow, max-snippet:-1, max-image-preview:large, max-video-preview:-1\" \/>\n<link rel=\"canonical\" href=\"https:\/\/loopefurniture.com\/pl\/produkt\/al4031\/\" \/>\n<meta property=\"og:locale\" content=\"pl_PL\" \/>\n<meta property=\"og:type\" content=\"article\" \/>\n<meta property=\"og:title\" content=\"ALLin krzes\u0142o | Loope\" \/>\n<meta property=\"og:description\" content=\"Ref. AL4031\" \/>\n<meta property=\"og:url\" content=\"https:\/\/loopefurniture.com\/pl\/produkt\/al4031\/\" \/>\n<meta property=\"og:site_name\" content=\"Loope\" \/>\n<meta property=\"article:publisher\" content=\"https:\/\/www.facebook.com\/loope.furniture\/\" \/>\n<meta property=\"article:modified_time\" content=\"2026-02-26T12:58:00+00:00\" \/>\n<meta property=\"og:image\" content=\"https:\/\/loopefurniture.com\/wp-content\/uploads\/2025\/05\/AL4031_02.jpg\" \/>\n\t<meta property=\"og:image:width\" content=\"2158\" \/>\n\t<meta property=\"og:image:height\" content=\"2158\" \/>\n\t<meta property=\"og:image:type\" content=\"image\/jpeg\" \/>\n<meta name=\"twitter:card\" content=\"summary_large_image\" \/>\n<meta name=\"twitter:label1\" content=\"Szacowany czas czytania\" \/>\n\t<meta name=\"twitter:data1\" content=\"2 minuty\" \/>\n<script type=\"application\/ld+json\" class=\"yoast-schema-graph\">{\"@context\":\"https:\\\/\\\/schema.org\",\"@graph\":[{\"@type\":\"WebPage\",\"@id\":\"https:\\\/\\\/loopefurniture.com\\\/pl\\\/produkt\\\/al4031\\\/\",\"url\":\"https:\\\/\\\/loopefurniture.com\\\/pl\\\/produkt\\\/al4031\\\/\",\"name\":\"ALLin krzes\u0142o | Loope\",\"isPartOf\":{\"@id\":\"https:\\\/\\\/loopefurniture.com\\\/#website\"},\"primaryImageOfPage\":{\"@id\":\"https:\\\/\\\/loopefurniture.com\\\/pl\\\/produkt\\\/al4031\\\/#primaryimage\"},\"image\":{\"@id\":\"https:\\\/\\\/loopefurniture.com\\\/pl\\\/produkt\\\/al4031\\\/#primaryimage\"},\"thumbnailUrl\":\"https:\\\/\\\/loopefurniture.com\\\/wp-content\\\/uploads\\\/2025\\\/05\\\/AL4031_02.jpg\",\"datePublished\":\"2025-04-04T11:29:47+00:00\",\"dateModified\":\"2026-02-26T12:58:00+00:00\",\"breadcrumb\":{\"@id\":\"https:\\\/\\\/loopefurniture.com\\\/pl\\\/produkt\\\/al4031\\\/#breadcrumb\"},\"inLanguage\":\"pl-PL\",\"potentialAction\":[{\"@type\":\"ReadAction\",\"target\":[\"https:\\\/\\\/loopefurniture.com\\\/pl\\\/produkt\\\/al4031\\\/\"]}]},{\"@type\":\"ImageObject\",\"inLanguage\":\"pl-PL\",\"@id\":\"https:\\\/\\\/loopefurniture.com\\\/pl\\\/produkt\\\/al4031\\\/#primaryimage\",\"url\":\"https:\\\/\\\/loopefurniture.com\\\/wp-content\\\/uploads\\\/2025\\\/05\\\/AL4031_02.jpg\",\"contentUrl\":\"https:\\\/\\\/loopefurniture.com\\\/wp-content\\\/uploads\\\/2025\\\/05\\\/AL4031_02.jpg\",\"width\":2158,\"height\":2158},{\"@type\":\"BreadcrumbList\",\"@id\":\"https:\\\/\\\/loopefurniture.com\\\/pl\\\/produkt\\\/al4031\\\/#breadcrumb\",\"itemListElement\":[{\"@type\":\"ListItem\",\"position\":1,\"name\":\"LoopeFurniture\",\"item\":\"https:\\\/\\\/loopefurniture.com\\\/\"},{\"@type\":\"ListItem\",\"position\":2,\"name\":\"Produkty\",\"item\":\"https:\\\/\\\/loopefurniture.com\\\/pl\\\/produkty\\\/\"},{\"@type\":\"ListItem\",\"position\":3,\"name\":\"ALLin krzes\u0142o\"}]},{\"@type\":\"WebSite\",\"@id\":\"https:\\\/\\\/loopefurniture.com\\\/#website\",\"url\":\"https:\\\/\\\/loopefurniture.com\\\/\",\"name\":\"Loope\",\"description\":\"Endless Circular Craft\",\"publisher\":{\"@id\":\"https:\\\/\\\/loopefurniture.com\\\/#organization\"},\"potentialAction\":[{\"@type\":\"SearchAction\",\"target\":{\"@type\":\"EntryPoint\",\"urlTemplate\":\"https:\\\/\\\/loopefurniture.com\\\/?s={search_term_string}\"},\"query-input\":{\"@type\":\"PropertyValueSpecification\",\"valueRequired\":true,\"valueName\":\"search_term_string\"}}],\"inLanguage\":\"pl-PL\"},{\"@type\":\"Organization\",\"@id\":\"https:\\\/\\\/loopefurniture.com\\\/#organization\",\"name\":\"Loope Furniture\",\"url\":\"https:\\\/\\\/loopefurniture.com\\\/\",\"logo\":{\"@type\":\"ImageObject\",\"inLanguage\":\"pl-PL\",\"@id\":\"https:\\\/\\\/loopefurniture.com\\\/#\\\/schema\\\/logo\\\/image\\\/\",\"url\":\"https:\\\/\\\/loopefurniture.com\\\/wp-content\\\/uploads\\\/2025\\\/11\\\/czarne-bez-sloganu-1.jpg\",\"contentUrl\":\"https:\\\/\\\/loopefurniture.com\\\/wp-content\\\/uploads\\\/2025\\\/11\\\/czarne-bez-sloganu-1.jpg\",\"width\":1080,\"height\":1080,\"caption\":\"Loope Furniture\"},\"image\":{\"@id\":\"https:\\\/\\\/loopefurniture.com\\\/#\\\/schema\\\/logo\\\/image\\\/\"},\"sameAs\":[\"https:\\\/\\\/www.facebook.com\\\/loope.furniture\\\/\",\"https:\\\/\\\/www.instagram.com\\\/loope.furniture\\\/\",\"https:\\\/\\\/www.linkedin.com\\\/company\\\/loopefurniture\"]}]}<\/script>\n<!-- \/ Yoast SEO plugin. -->","yoast_head_json":{"title":"ALLin krzes\u0142o | Loope","robots":{"index":"index","follow":"follow","max-snippet":"max-snippet:-1","max-image-preview":"max-image-preview:large","max-video-preview":"max-video-preview:-1"},"canonical":"https:\/\/loopefurniture.com\/pl\/produkt\/al4031\/","og_locale":"pl_PL","og_type":"article","og_title":"ALLin krzes\u0142o | Loope","og_description":"Ref. AL4031","og_url":"https:\/\/loopefurniture.com\/pl\/produkt\/al4031\/","og_site_name":"Loope","article_publisher":"https:\/\/www.facebook.com\/loope.furniture\/","article_modified_time":"2026-02-26T12:58:00+00:00","og_image":[{"width":2158,"height":2158,"url":"https:\/\/loopefurniture.com\/wp-content\/uploads\/2025\/05\/AL4031_02.jpg","type":"image\/jpeg"}],"twitter_card":"summary_large_image","twitter_misc":{"Szacowany czas czytania":"2 minuty"},"schema":{"@context":"https:\/\/schema.org","@graph":[{"@type":"WebPage","@id":"https:\/\/loopefurniture.com\/pl\/produkt\/al4031\/","url":"https:\/\/loopefurniture.com\/pl\/produkt\/al4031\/","name":"ALLin krzes\u0142o | Loope","isPartOf":{"@id":"https:\/\/loopefurniture.com\/#website"},"primaryImageOfPage":{"@id":"https:\/\/loopefurniture.com\/pl\/produkt\/al4031\/#primaryimage"},"image":{"@id":"https:\/\/loopefurniture.com\/pl\/produkt\/al4031\/#primaryimage"},"thumbnailUrl":"https:\/\/loopefurniture.com\/wp-content\/uploads\/2025\/05\/AL4031_02.jpg","datePublished":"2025-04-04T11:29:47+00:00","dateModified":"2026-02-26T12:58:00+00:00","breadcrumb":{"@id":"https:\/\/loopefurniture.com\/pl\/produkt\/al4031\/#breadcrumb"},"inLanguage":"pl-PL","potentialAction":[{"@type":"ReadAction","target":["https:\/\/loopefurniture.com\/pl\/produkt\/al4031\/"]}]},{"@type":"ImageObject","inLanguage":"pl-PL","@id":"https:\/\/loopefurniture.com\/pl\/produkt\/al4031\/#primaryimage","url":"https:\/\/loopefurniture.com\/wp-content\/uploads\/2025\/05\/AL4031_02.jpg","contentUrl":"https:\/\/loopefurniture.com\/wp-content\/uploads\/2025\/05\/AL4031_02.jpg","width":2158,"height":2158},{"@type":"BreadcrumbList","@id":"https:\/\/loopefurniture.com\/pl\/produkt\/al4031\/#breadcrumb","itemListElement":[{"@type":"ListItem","position":1,"name":"LoopeFurniture","item":"https:\/\/loopefurniture.com\/"},{"@type":"ListItem","position":2,"name":"Produkty","item":"https:\/\/loopefurniture.com\/pl\/produkty\/"},{"@type":"ListItem","position":3,"name":"ALLin krzes\u0142o"}]},{"@type":"WebSite","@id":"https:\/\/loopefurniture.com\/#website","url":"https:\/\/loopefurniture.com\/","name":"Loope","description":"Endless Circular Craft","publisher":{"@id":"https:\/\/loopefurniture.com\/#organization"},"potentialAction":[{"@type":"SearchAction","target":{"@type":"EntryPoint","urlTemplate":"https:\/\/loopefurniture.com\/?s={search_term_string}"},"query-input":{"@type":"PropertyValueSpecification","valueRequired":true,"valueName":"search_term_string"}}],"inLanguage":"pl-PL"},{"@type":"Organization","@id":"https:\/\/loopefurniture.com\/#organization","name":"Loope Furniture","url":"https:\/\/loopefurniture.com\/","logo":{"@type":"ImageObject","inLanguage":"pl-PL","@id":"https:\/\/loopefurniture.com\/#\/schema\/logo\/image\/","url":"https:\/\/loopefurniture.com\/wp-content\/uploads\/2025\/11\/czarne-bez-sloganu-1.jpg","contentUrl":"https:\/\/loopefurniture.com\/wp-content\/uploads\/2025\/11\/czarne-bez-sloganu-1.jpg","width":1080,"height":1080,"caption":"Loope Furniture"},"image":{"@id":"https:\/\/loopefurniture.com\/#\/schema\/logo\/image\/"},"sameAs":["https:\/\/www.facebook.com\/loope.furniture\/","https:\/\/www.instagram.com\/loope.furniture\/","https:\/\/www.linkedin.com\/company\/loopefurniture"]}]}},"_links":{"self":[{"href":"https:\/\/loopefurniture.com\/pl\/wp-json\/wp\/v2\/product\/6075","targetHints":{"allow":["GET"]}}],"collection":[{"href":"https:\/\/loopefurniture.com\/pl\/wp-json\/wp\/v2\/product"}],"about":[{"href":"https:\/\/loopefurniture.com\/pl\/wp-json\/wp\/v2\/types\/product"}],"replies":[{"embeddable":true,"href":"https:\/\/loopefurniture.com\/pl\/wp-json\/wp\/v2\/comments?post=6075"}],"wp:featuredmedia":[{"embeddable":true,"href":"https:\/\/loopefurniture.com\/pl\/wp-json\/wp\/v2\/media\/4391"}],"wp:attachment":[{"href":"https:\/\/loopefurniture.com\/pl\/wp-json\/wp\/v2\/media?parent=6075"}],"wp:term":[{"taxonomy":"product_brand","embeddable":true,"href":"https:\/\/loopefurniture.com\/pl\/wp-json\/wp\/v2\/product_brand?post=6075"},{"taxonomy":"product_cat","embeddable":true,"href":"https:\/\/loopefurniture.com\/pl\/wp-json\/wp\/v2\/product_cat?post=6075"},{"taxonomy":"product_tag","embeddable":true,"href":"https:\/\/loopefurniture.com\/pl\/wp-json\/wp\/v2\/product_tag?post=6075"}],"curies":[{"name":"wp","href":"https:\/\/api.w.org\/{rel}","templated":true}]}}