{"id":9769,"date":"2026-01-14T10:45:33","date_gmt":"2026-01-14T10:45:33","guid":{"rendered":"https:\/\/loopefurniture.com\/?post_type=product&#038;p=9769"},"modified":"2026-02-26T13:02:47","modified_gmt":"2026-02-26T13:02:47","slug":"accl2b","status":"publish","type":"product","link":"https:\/\/loopefurniture.com\/pl\/produkt\/accl2b\/","title":{"rendered":"ARMSTRONG sofa poduszka"},"content":{"rendered":"<p class=\"p1\">Ergonomiczne poduszki dedykowane do kolekcji ARMSTRONG, idealnie dopasowane do kszta\u0142tu mebla. Dost\u0119pne w dw\u00f3ch subtelnych,<br \/>\ninspirowanych natur\u0105 odcieniach \u2014 ciep\u0142ym br\u0105zie i delikatnym be\u017cu \u2014 poduszki podkre\u015blaj\u0105 charakter mebli LOOPE, naturalnie wpisuj\u0105c<br \/>\nsi\u0119 w wn\u0119trza, w kt\u00f3rych ceni si\u0119 zar\u00f3wno estetyk\u0119, jak i zr\u00f3wnowa\u017cony rozw\u00f3j. Ka\u017cdy detal, od szw\u00f3w po mi\u0119kko\u015b\u0107, ma na celu zapewnienie<br \/>\nd\u0142ugotrwa\u0142ego, komfortowego u\u017cytkowania.<\/p>\n<\/p>\n<p><strong>WYMIARY<\/strong><br \/>\n<br \/>Grubo\u015b\u0107 &#8211; 1,5 cm<br \/>\n<br \/>Szeroko\u015b\u0107 &#8211; 105,9 cm<br \/>\n<br \/>G\u0142\u0119boko\u015b\u0107 &#8211; 34,9 cm<\/p>\n<p><strong>POBIERZ<\/strong><\/p>\n<ul style=\"list-style-type: none; padding-left: 0;\">\n<li style=\"display: flex; align-items: baseline;\"><a class=\"custom-link\" style=\"text-decoration: none; display: flex; align-items: baseline;\" href=\"https:\/\/loopefurniture.com\/wp-content\/uploads\/2026\/01\/ACCL2B.pdf\" target=\"_blank\" rel=\"noopener\"><br \/>\n<img decoding=\"async\" style=\"height: 1em; margin-right: 5px; vertical-align: middle;\" src=\"https:\/\/loopefurniture.com\/wp-content\/uploads\/2025\/07\/IkonaDownload.png\" alt=\"Pobierz\" \/><br \/>\n<span class=\"link-text\">Karta produktu<\/span><br \/>\n<\/a><\/li>\n<\/ul>\n","protected":false},"excerpt":{"rendered":"<p data-8f423168-b877-469e-9079-a01723f1a876-959=\"true\">Ref. ACCL2B<\/p>\n","protected":false},"featured_media":10353,"comment_status":"open","ping_status":"closed","template":"","meta":{"_acf_changed":false},"product_brand":[],"product_cat":[85,94],"product_tag":[],"class_list":{"0":"post-9769","1":"product","2":"type-product","3":"status-publish","4":"has-post-thumbnail","6":"product_cat-akcesoria","7":"product_cat-armstrong","9":"first","10":"instock","11":"taxable","12":"shipping-taxable","13":"purchasable","14":"product-type-variable"},"acf":[],"yoast_head":"<!-- This site is optimized with the Yoast SEO plugin v27.4 - https:\/\/yoast.com\/product\/yoast-seo-wordpress\/ -->\n<title>ARMSTRONG sofa poduszka | Loope<\/title>\n<meta name=\"robots\" content=\"index, follow, max-snippet:-1, max-image-preview:large, max-video-preview:-1\" \/>\n<link rel=\"canonical\" href=\"https:\/\/loopefurniture.com\/pl\/produkt\/accl2b\/\" \/>\n<meta property=\"og:locale\" content=\"pl_PL\" \/>\n<meta property=\"og:type\" content=\"article\" \/>\n<meta property=\"og:title\" content=\"ARMSTRONG sofa poduszka | Loope\" \/>\n<meta property=\"og:description\" content=\"Ref. ACCL2B\" \/>\n<meta property=\"og:url\" content=\"https:\/\/loopefurniture.com\/pl\/produkt\/accl2b\/\" \/>\n<meta property=\"og:site_name\" content=\"Loope\" \/>\n<meta property=\"article:publisher\" content=\"https:\/\/www.facebook.com\/loope.furniture\/\" \/>\n<meta property=\"article:modified_time\" content=\"2026-02-26T13:02:47+00:00\" \/>\n<meta property=\"og:image\" content=\"https:\/\/loopefurniture.com\/wp-content\/uploads\/2026\/01\/ACCL2B-beige.jpg\" \/>\n\t<meta property=\"og:image:width\" content=\"2158\" \/>\n\t<meta property=\"og:image:height\" content=\"2158\" \/>\n\t<meta property=\"og:image:type\" content=\"image\/jpeg\" \/>\n<meta name=\"twitter:card\" content=\"summary_large_image\" \/>\n<meta name=\"twitter:label1\" content=\"Szacowany czas czytania\" \/>\n\t<meta name=\"twitter:data1\" content=\"1 minuta\" \/>\n<script type=\"application\/ld+json\" class=\"yoast-schema-graph\">{\"@context\":\"https:\\\/\\\/schema.org\",\"@graph\":[{\"@type\":\"WebPage\",\"@id\":\"https:\\\/\\\/loopefurniture.com\\\/pl\\\/produkt\\\/accl2b\\\/\",\"url\":\"https:\\\/\\\/loopefurniture.com\\\/pl\\\/produkt\\\/accl2b\\\/\",\"name\":\"ARMSTRONG sofa poduszka | Loope\",\"isPartOf\":{\"@id\":\"https:\\\/\\\/loopefurniture.com\\\/#website\"},\"primaryImageOfPage\":{\"@id\":\"https:\\\/\\\/loopefurniture.com\\\/pl\\\/produkt\\\/accl2b\\\/#primaryimage\"},\"image\":{\"@id\":\"https:\\\/\\\/loopefurniture.com\\\/pl\\\/produkt\\\/accl2b\\\/#primaryimage\"},\"thumbnailUrl\":\"https:\\\/\\\/loopefurniture.com\\\/wp-content\\\/uploads\\\/2026\\\/01\\\/ACCL2B-beige.jpg\",\"datePublished\":\"2026-01-14T10:45:33+00:00\",\"dateModified\":\"2026-02-26T13:02:47+00:00\",\"breadcrumb\":{\"@id\":\"https:\\\/\\\/loopefurniture.com\\\/pl\\\/produkt\\\/accl2b\\\/#breadcrumb\"},\"inLanguage\":\"pl-PL\",\"potentialAction\":[{\"@type\":\"ReadAction\",\"target\":[\"https:\\\/\\\/loopefurniture.com\\\/pl\\\/produkt\\\/accl2b\\\/\"]}]},{\"@type\":\"ImageObject\",\"inLanguage\":\"pl-PL\",\"@id\":\"https:\\\/\\\/loopefurniture.com\\\/pl\\\/produkt\\\/accl2b\\\/#primaryimage\",\"url\":\"https:\\\/\\\/loopefurniture.com\\\/wp-content\\\/uploads\\\/2026\\\/01\\\/ACCL2B-beige.jpg\",\"contentUrl\":\"https:\\\/\\\/loopefurniture.com\\\/wp-content\\\/uploads\\\/2026\\\/01\\\/ACCL2B-beige.jpg\",\"width\":2158,\"height\":2158},{\"@type\":\"BreadcrumbList\",\"@id\":\"https:\\\/\\\/loopefurniture.com\\\/pl\\\/produkt\\\/accl2b\\\/#breadcrumb\",\"itemListElement\":[{\"@type\":\"ListItem\",\"position\":1,\"name\":\"LoopeFurniture\",\"item\":\"https:\\\/\\\/loopefurniture.com\\\/\"},{\"@type\":\"ListItem\",\"position\":2,\"name\":\"Produkty\",\"item\":\"https:\\\/\\\/loopefurniture.com\\\/pl\\\/produkty\\\/\"},{\"@type\":\"ListItem\",\"position\":3,\"name\":\"ARMSTRONG sofa poduszka\"}]},{\"@type\":\"WebSite\",\"@id\":\"https:\\\/\\\/loopefurniture.com\\\/#website\",\"url\":\"https:\\\/\\\/loopefurniture.com\\\/\",\"name\":\"Loope\",\"description\":\"Endless Circular Craft\",\"publisher\":{\"@id\":\"https:\\\/\\\/loopefurniture.com\\\/#organization\"},\"potentialAction\":[{\"@type\":\"SearchAction\",\"target\":{\"@type\":\"EntryPoint\",\"urlTemplate\":\"https:\\\/\\\/loopefurniture.com\\\/?s={search_term_string}\"},\"query-input\":{\"@type\":\"PropertyValueSpecification\",\"valueRequired\":true,\"valueName\":\"search_term_string\"}}],\"inLanguage\":\"pl-PL\"},{\"@type\":\"Organization\",\"@id\":\"https:\\\/\\\/loopefurniture.com\\\/#organization\",\"name\":\"Loope Furniture\",\"url\":\"https:\\\/\\\/loopefurniture.com\\\/\",\"logo\":{\"@type\":\"ImageObject\",\"inLanguage\":\"pl-PL\",\"@id\":\"https:\\\/\\\/loopefurniture.com\\\/#\\\/schema\\\/logo\\\/image\\\/\",\"url\":\"https:\\\/\\\/loopefurniture.com\\\/wp-content\\\/uploads\\\/2025\\\/11\\\/czarne-bez-sloganu-1.jpg\",\"contentUrl\":\"https:\\\/\\\/loopefurniture.com\\\/wp-content\\\/uploads\\\/2025\\\/11\\\/czarne-bez-sloganu-1.jpg\",\"width\":1080,\"height\":1080,\"caption\":\"Loope Furniture\"},\"image\":{\"@id\":\"https:\\\/\\\/loopefurniture.com\\\/#\\\/schema\\\/logo\\\/image\\\/\"},\"sameAs\":[\"https:\\\/\\\/www.facebook.com\\\/loope.furniture\\\/\",\"https:\\\/\\\/www.instagram.com\\\/loope.furniture\\\/\",\"https:\\\/\\\/www.linkedin.com\\\/company\\\/loopefurniture\"]}]}<\/script>\n<!-- \/ Yoast SEO plugin. -->","yoast_head_json":{"title":"ARMSTRONG sofa poduszka | Loope","robots":{"index":"index","follow":"follow","max-snippet":"max-snippet:-1","max-image-preview":"max-image-preview:large","max-video-preview":"max-video-preview:-1"},"canonical":"https:\/\/loopefurniture.com\/pl\/produkt\/accl2b\/","og_locale":"pl_PL","og_type":"article","og_title":"ARMSTRONG sofa poduszka | Loope","og_description":"Ref. ACCL2B","og_url":"https:\/\/loopefurniture.com\/pl\/produkt\/accl2b\/","og_site_name":"Loope","article_publisher":"https:\/\/www.facebook.com\/loope.furniture\/","article_modified_time":"2026-02-26T13:02:47+00:00","og_image":[{"width":2158,"height":2158,"url":"https:\/\/loopefurniture.com\/wp-content\/uploads\/2026\/01\/ACCL2B-beige.jpg","type":"image\/jpeg"}],"twitter_card":"summary_large_image","twitter_misc":{"Szacowany czas czytania":"1 minuta"},"schema":{"@context":"https:\/\/schema.org","@graph":[{"@type":"WebPage","@id":"https:\/\/loopefurniture.com\/pl\/produkt\/accl2b\/","url":"https:\/\/loopefurniture.com\/pl\/produkt\/accl2b\/","name":"ARMSTRONG sofa poduszka | Loope","isPartOf":{"@id":"https:\/\/loopefurniture.com\/#website"},"primaryImageOfPage":{"@id":"https:\/\/loopefurniture.com\/pl\/produkt\/accl2b\/#primaryimage"},"image":{"@id":"https:\/\/loopefurniture.com\/pl\/produkt\/accl2b\/#primaryimage"},"thumbnailUrl":"https:\/\/loopefurniture.com\/wp-content\/uploads\/2026\/01\/ACCL2B-beige.jpg","datePublished":"2026-01-14T10:45:33+00:00","dateModified":"2026-02-26T13:02:47+00:00","breadcrumb":{"@id":"https:\/\/loopefurniture.com\/pl\/produkt\/accl2b\/#breadcrumb"},"inLanguage":"pl-PL","potentialAction":[{"@type":"ReadAction","target":["https:\/\/loopefurniture.com\/pl\/produkt\/accl2b\/"]}]},{"@type":"ImageObject","inLanguage":"pl-PL","@id":"https:\/\/loopefurniture.com\/pl\/produkt\/accl2b\/#primaryimage","url":"https:\/\/loopefurniture.com\/wp-content\/uploads\/2026\/01\/ACCL2B-beige.jpg","contentUrl":"https:\/\/loopefurniture.com\/wp-content\/uploads\/2026\/01\/ACCL2B-beige.jpg","width":2158,"height":2158},{"@type":"BreadcrumbList","@id":"https:\/\/loopefurniture.com\/pl\/produkt\/accl2b\/#breadcrumb","itemListElement":[{"@type":"ListItem","position":1,"name":"LoopeFurniture","item":"https:\/\/loopefurniture.com\/"},{"@type":"ListItem","position":2,"name":"Produkty","item":"https:\/\/loopefurniture.com\/pl\/produkty\/"},{"@type":"ListItem","position":3,"name":"ARMSTRONG sofa poduszka"}]},{"@type":"WebSite","@id":"https:\/\/loopefurniture.com\/#website","url":"https:\/\/loopefurniture.com\/","name":"Loope","description":"Endless Circular Craft","publisher":{"@id":"https:\/\/loopefurniture.com\/#organization"},"potentialAction":[{"@type":"SearchAction","target":{"@type":"EntryPoint","urlTemplate":"https:\/\/loopefurniture.com\/?s={search_term_string}"},"query-input":{"@type":"PropertyValueSpecification","valueRequired":true,"valueName":"search_term_string"}}],"inLanguage":"pl-PL"},{"@type":"Organization","@id":"https:\/\/loopefurniture.com\/#organization","name":"Loope Furniture","url":"https:\/\/loopefurniture.com\/","logo":{"@type":"ImageObject","inLanguage":"pl-PL","@id":"https:\/\/loopefurniture.com\/#\/schema\/logo\/image\/","url":"https:\/\/loopefurniture.com\/wp-content\/uploads\/2025\/11\/czarne-bez-sloganu-1.jpg","contentUrl":"https:\/\/loopefurniture.com\/wp-content\/uploads\/2025\/11\/czarne-bez-sloganu-1.jpg","width":1080,"height":1080,"caption":"Loope Furniture"},"image":{"@id":"https:\/\/loopefurniture.com\/#\/schema\/logo\/image\/"},"sameAs":["https:\/\/www.facebook.com\/loope.furniture\/","https:\/\/www.instagram.com\/loope.furniture\/","https:\/\/www.linkedin.com\/company\/loopefurniture"]}]}},"_links":{"self":[{"href":"https:\/\/loopefurniture.com\/pl\/wp-json\/wp\/v2\/product\/9769","targetHints":{"allow":["GET"]}}],"collection":[{"href":"https:\/\/loopefurniture.com\/pl\/wp-json\/wp\/v2\/product"}],"about":[{"href":"https:\/\/loopefurniture.com\/pl\/wp-json\/wp\/v2\/types\/product"}],"replies":[{"embeddable":true,"href":"https:\/\/loopefurniture.com\/pl\/wp-json\/wp\/v2\/comments?post=9769"}],"wp:featuredmedia":[{"embeddable":true,"href":"https:\/\/loopefurniture.com\/pl\/wp-json\/wp\/v2\/media\/10353"}],"wp:attachment":[{"href":"https:\/\/loopefurniture.com\/pl\/wp-json\/wp\/v2\/media?parent=9769"}],"wp:term":[{"taxonomy":"product_brand","embeddable":true,"href":"https:\/\/loopefurniture.com\/pl\/wp-json\/wp\/v2\/product_brand?post=9769"},{"taxonomy":"product_cat","embeddable":true,"href":"https:\/\/loopefurniture.com\/pl\/wp-json\/wp\/v2\/product_cat?post=9769"},{"taxonomy":"product_tag","embeddable":true,"href":"https:\/\/loopefurniture.com\/pl\/wp-json\/wp\/v2\/product_tag?post=9769"}],"curies":[{"name":"wp","href":"https:\/\/api.w.org\/{rel}","templated":true}]}}